{"id":18429,"date":"2025-12-18T09:33:01","date_gmt":"2025-12-18T08:33:01","guid":{"rendered":"https:\/\/physics.uni-mainz.de\/karriere\/"},"modified":"2026-04-01T08:39:10","modified_gmt":"2026-04-01T06:39:10","slug":"karriere","status":"publish","type":"page","link":"https:\/\/physics.uni-mainz.de\/de\/home\/physikalische-forschung\/karriere\/","title":{"rendered":"Karriere"},"content":{"rendered":"<jgu-base-heading react-props=\"{\n    &quot;tags&quot;: {\n        &quot;htmlTag&quot;: &quot;h2&quot;,\n        &quot;classTag&quot;: &quot;&quot;,\n        &quot;tag&quot;: &quot;h2&quot;\n    },\n    &quot;heading&quot;: &quot;Karrierem\\u00f6glichkeiten&quot;,\n    &quot;textAlign&quot;: &quot;left&quot;,\n    &quot;anchor&quot;: &quot;&quot;,\n    &quot;index&quot;: &quot;&quot;,\n    &quot;color&quot;: &quot;red&quot;\n}\"><\/jgu-base-heading>\n\n\n\n<p class=\"has-big-font-size\"><a href=\"https:\/\/www.uni-mainz.de\/\" data-type=\"link\" data-id=\"https:\/\/www.uni-mainz.de\/\">Johannes Gutenberg-Universit\u00e4t Mainz<\/a> &gt; <a href=\"https:\/\/www.phmi.uni-mainz.de\/\">Fachbereich 08<\/a> &gt; <a href=\"https:\/\/physics.uni-mainz.de\/de\/\">Physik<\/a> &gt; <a href=\"https:\/\/physics.uni-mainz.de\/de\/home\/physikalische-forschung\/\">Physikforschung<\/a> &gt; Karierrem\u00f6glichkeiten<\/p>\n\n\n\n<div style=\"height:40px\" aria-hidden=\"true\" class=\"wp-block-spacer\"><\/div>\n\n\n<jgu-base-heading react-props=\"{\n    &quot;color&quot;: &quot;default&quot;,\n    &quot;tags&quot;: {\n        &quot;htmlTag&quot;: &quot;h2&quot;,\n        &quot;classTag&quot;: &quot;&quot;,\n        &quot;tag&quot;: &quot;h2&quot;\n    },\n    &quot;heading&quot;: &quot;PhD-Positionen&quot;,\n    &quot;textAlign&quot;: &quot;left&quot;,\n    &quot;anchor&quot;: &quot;&quot;,\n    &quot;index&quot;: &quot;&quot;\n}\"><\/jgu-base-heading>\n\n\n<jgu-base-accordion react-props=\"{&quot;selected&quot;:1,&quot;align&quot;:&quot;wide&quot;,&quot;hasAllOpenButton&quot;:true,&quot;onlyOne&quot;:false,&quot;initAllClosed&quot;:true,&quot;enableSearch&quot;:false}\">\n    \n<jgu-base-accordionitem react-props=\"{&quot;title&quot;:&quot;Skyrmion dynamics and topological spin structures&quot;,&quot;init&quot;:false,&quot;slug&quot;:&quot;skyrmion-dynamics-and-topological-spin-structures&quot;,&quot;align&quot;:&quot;wide&quot;,&quot;customSlug&quot;:false}\">\n    \n<ul class=\"styled-list hyphenation\">\n\t\n<ul class=\"styled-list hyphenation\"><jgu-base-listitem react-props=\"{\n    &quot;icon&quot;: &quot;calendar-check&quot;,\n    &quot;title&quot;: &quot;&lt;strong&gt;Bewerbungsfrist:&lt;\\\/strong&gt; 1. Januar 2027 &quot;,\n    &quot;uuid&quot;: &quot;1765977954784&quot;,\n    &quot;link&quot;: {\n        &quot;url&quot;: null\n    },\n    &quot;align&quot;: &quot;wide&quot;,\n    &quot;showInActions&quot;: false,\n    &quot;allowNesting&quot;: true,\n    &quot;showExpandableContent&quot;: false,\n    &quot;expandableContent&quot;: &quot;&quot;\n}\">\n    \n<\/jgu-base-listitem>\n\n<jgu-base-listitem react-props=\"{\n    &quot;icon&quot;: &quot;play-solid&quot;,\n    &quot;title&quot;: &quot;&lt;strong&gt;Eingruppierung&lt;\\\/strong&gt;: EG 13 TV-L&lt;br&gt;&quot;,\n    &quot;uuid&quot;: &quot;1765978010570&quot;,\n    &quot;link&quot;: {\n        &quot;url&quot;: null\n    },\n    &quot;align&quot;: &quot;wide&quot;,\n    &quot;showInActions&quot;: false,\n    &quot;allowNesting&quot;: true,\n    &quot;showExpandableContent&quot;: false,\n    &quot;expandableContent&quot;: &quot;&quot;\n}\">\n    \n<\/jgu-base-listitem>\n\n<jgu-base-listitem react-props=\"{\n    &quot;icon&quot;: &quot;calendar-week-solid&quot;,\n    &quot;title&quot;: &quot;&lt;strong&gt;Befristung: &lt;\\\/strong&gt; Befristet auf 3 Jahre&quot;,\n    &quot;uuid&quot;: &quot;1765978131741&quot;,\n    &quot;link&quot;: {\n        &quot;url&quot;: null\n    },\n    &quot;align&quot;: &quot;wide&quot;,\n    &quot;showInActions&quot;: false,\n    &quot;allowNesting&quot;: true,\n    &quot;showExpandableContent&quot;: false,\n    &quot;expandableContent&quot;: &quot;&quot;\n}\">\n    \n<\/jgu-base-listitem><\/ul>\n\n<\/ul>\n\n<jgu-base-button style=\"display: flex; flex-wrap: wrap; column-gap: 30px; max-width: 100%; flex-direction: row; justify-content: left\">\n  \n<jgu-base-buttonitem react-props=\"{\n    &quot;text&quot;: &quot;View details&quot;,\n    &quot;link&quot;: {\n        &quot;url&quot;: &quot;https:\\\/\\\/klaeui-lab.physics.uni-mainz.de\\\/2026\\\/01\\\/01\\\/skyrmion-dynamics-and-topological-spin-structures\\\/&quot;\n    },\n    &quot;align&quot;: &quot;left&quot;,\n    &quot;styling&quot;: &quot;primary&quot;,\n    &quot;icon&quot;: &quot;arrow-right-solid&quot;,\n    &quot;type&quot;: &quot;default&quot;,\n    &quot;iconBefore&quot;: false,\n    &quot;isSmall&quot;: false,\n    &quot;fullWidth&quot;: false,\n    &quot;className&quot;: &quot;&quot;\n}\"><\/jgu-base-buttonitem>\n\n<\/jgu-base-button>\n\n<\/jgu-base-accordionitem>\n\n<\/jgu-base-accordion>\n\n\n\n<div style=\"height:70px\" aria-hidden=\"true\" class=\"wp-block-spacer\"><\/div>\n\n\n<jgu-base-heading react-props=\"{\n    &quot;color&quot;: &quot;default&quot;,\n    &quot;tags&quot;: {\n        &quot;htmlTag&quot;: &quot;h2&quot;,\n        &quot;classTag&quot;: &quot;&quot;,\n        &quot;tag&quot;: &quot;h2&quot;\n    },\n    &quot;heading&quot;: &quot;Initiativbewerbungen&quot;,\n    &quot;textAlign&quot;: &quot;left&quot;,\n    &quot;anchor&quot;: &quot;&quot;,\n    &quot;index&quot;: &quot;&quot;\n}\"><\/jgu-base-heading>\n\n\n\n<p class=\"has-big-font-size\">Initiativbewerbungen k\u00f6nnen jederzeit eingereicht werden. Bitte wenden Sie sich daf\u00fcr direkt an die Leitenden der Arbeitsgruppen. Kontaktdaten finden Sie in den jeweiligen Forschungsbereichen: <\/p>\n\n\n<jgu-base-button style=\"display: flex; flex-wrap: wrap; column-gap: 30px; max-width: 100%; flex-direction: row; justify-content: left\">\n  \n<jgu-base-buttonitem react-props=\"{\n    &quot;text&quot;: &quot;Beschleunigerphysik&quot;,\n    &quot;styling&quot;: &quot;line&quot;,\n    &quot;link&quot;: {\n        &quot;url&quot;: &quot;https:\\\/\\\/physics.uni-mainz.de\\\/de\\\/home\\\/physikalische-forschung\\\/forschungsfelder\\\/beschleunigerphysik\\\/&quot;,\n        &quot;linkTarget&quot;: &quot;&quot;,\n        &quot;rel&quot;: &quot;&quot;\n    },\n    &quot;align&quot;: &quot;left&quot;,\n    &quot;icon&quot;: &quot;arrow-right-solid&quot;,\n    &quot;type&quot;: &quot;default&quot;,\n    &quot;iconBefore&quot;: false,\n    &quot;isSmall&quot;: false,\n    &quot;fullWidth&quot;: false,\n    &quot;className&quot;: &quot;&quot;\n}\"><\/jgu-base-buttonitem>\n\n<jgu-base-buttonitem react-props=\"{\n    &quot;text&quot;: &quot;Astro-, Astroteilchen- &amp; Neutrinophysik&quot;,\n    &quot;styling&quot;: &quot;line&quot;,\n    &quot;link&quot;: {\n        &quot;url&quot;: &quot;https:\\\/\\\/physics.uni-mainz.de\\\/de\\\/home\\\/physikalische-forschung\\\/forschungsfelder\\\/astroteilchen-neutrinophysik\\\/&quot;,\n        &quot;linkTarget&quot;: &quot;&quot;,\n        &quot;rel&quot;: &quot;&quot;\n    },\n    &quot;align&quot;: &quot;left&quot;,\n    &quot;icon&quot;: &quot;arrow-right-solid&quot;,\n    &quot;type&quot;: &quot;default&quot;,\n    &quot;iconBefore&quot;: false,\n    &quot;isSmall&quot;: false,\n    &quot;fullWidth&quot;: false,\n    &quot;className&quot;: &quot;&quot;\n}\"><\/jgu-base-buttonitem>\n\n<jgu-base-buttonitem react-props=\"{\n    &quot;text&quot;: &quot;Physik der Atmosph\\u00e4re und Umweltwissenschaften&quot;,\n    &quot;styling&quot;: &quot;line&quot;,\n    &quot;link&quot;: {\n        &quot;url&quot;: &quot;https:\\\/\\\/physics.uni-mainz.de\\\/de\\\/home\\\/physikalische-forschung\\\/forschungsfelder\\\/physik-der-atmosphaere-und-umweltwissenschaften\\\/&quot;,\n        &quot;linkTarget&quot;: &quot;&quot;,\n        &quot;rel&quot;: &quot;&quot;\n    },\n    &quot;align&quot;: &quot;left&quot;,\n    &quot;icon&quot;: &quot;arrow-right-solid&quot;,\n    &quot;type&quot;: &quot;default&quot;,\n    &quot;iconBefore&quot;: false,\n    &quot;isSmall&quot;: false,\n    &quot;fullWidth&quot;: false,\n    &quot;className&quot;: &quot;&quot;\n}\"><\/jgu-base-buttonitem>\n\n<jgu-base-buttonitem react-props=\"{\n    &quot;text&quot;: &quot;Atom- &amp; Quantenphysik&quot;,\n    &quot;styling&quot;: &quot;line&quot;,\n    &quot;link&quot;: {\n        &quot;url&quot;: &quot;https:\\\/\\\/physics.uni-mainz.de\\\/de\\\/home\\\/physikalische-forschung\\\/forschungsfelder\\\/atom-quantenphysik\\\/&quot;,\n        &quot;linkTarget&quot;: &quot;&quot;,\n        &quot;rel&quot;: &quot;&quot;\n    },\n    &quot;align&quot;: &quot;left&quot;,\n    &quot;icon&quot;: &quot;arrow-right-solid&quot;,\n    &quot;type&quot;: &quot;default&quot;,\n    &quot;iconBefore&quot;: false,\n    &quot;isSmall&quot;: false,\n    &quot;fullWidth&quot;: false,\n    &quot;className&quot;: &quot;&quot;\n}\"><\/jgu-base-buttonitem>\n\n<jgu-base-buttonitem react-props=\"{\n    &quot;text&quot;: &quot;Hadronen- &amp; Kernphysik&quot;,\n    &quot;styling&quot;: &quot;line&quot;,\n    &quot;link&quot;: {\n        &quot;url&quot;: &quot;https:\\\/\\\/physics.uni-mainz.de\\\/de\\\/home\\\/physikalische-forschung\\\/forschungsfelder\\\/hadronen-kernphysik\\\/&quot;,\n        &quot;linkTarget&quot;: &quot;&quot;,\n        &quot;rel&quot;: &quot;&quot;\n    },\n    &quot;align&quot;: &quot;left&quot;,\n    &quot;icon&quot;: &quot;arrow-right-solid&quot;,\n    &quot;type&quot;: &quot;default&quot;,\n    &quot;iconBefore&quot;: false,\n    &quot;isSmall&quot;: false,\n    &quot;fullWidth&quot;: false,\n    &quot;className&quot;: &quot;&quot;\n}\"><\/jgu-base-buttonitem>\n\n<jgu-base-buttonitem react-props=\"{\n    &quot;text&quot;: &quot;Hochenergie-Teilchenphysik&quot;,\n    &quot;styling&quot;: &quot;line&quot;,\n    &quot;link&quot;: {\n        &quot;url&quot;: &quot;https:\\\/\\\/cms.zdv.uni-mainz.de\\\/fb08-physics\\\/de\\\/home\\\/physikalische-forschung\\\/forschungsfelder\\\/hochenergie-teilchenphysik\\\/&quot;,\n        &quot;linkTarget&quot;: &quot;&quot;,\n        &quot;rel&quot;: &quot;&quot;\n    },\n    &quot;align&quot;: &quot;left&quot;,\n    &quot;icon&quot;: &quot;arrow-right-solid&quot;,\n    &quot;type&quot;: &quot;default&quot;,\n    &quot;iconBefore&quot;: false,\n    &quot;isSmall&quot;: false,\n    &quot;fullWidth&quot;: false,\n    &quot;className&quot;: &quot;&quot;\n}\"><\/jgu-base-buttonitem>\n\n<jgu-base-buttonitem react-props=\"{\n    &quot;text&quot;: &quot;Mathematische Physik&quot;,\n    &quot;styling&quot;: &quot;line&quot;,\n    &quot;link&quot;: {\n        &quot;url&quot;: &quot;https:\\\/\\\/physics.uni-mainz.de\\\/de\\\/ https:\\\/\\\/physics.uni-mainz.de\\\/de\\\/home\\\/physikalische-forschung\\\/forschungsfelder\\\/mathematische-physik\\\/&quot;,\n        &quot;linkTarget&quot;: &quot;&quot;,\n        &quot;rel&quot;: &quot;&quot;\n    },\n    &quot;align&quot;: &quot;left&quot;,\n    &quot;icon&quot;: &quot;arrow-right-solid&quot;,\n    &quot;type&quot;: &quot;default&quot;,\n    &quot;iconBefore&quot;: false,\n    &quot;isSmall&quot;: false,\n    &quot;fullWidth&quot;: false,\n    &quot;className&quot;: &quot;&quot;\n}\"><\/jgu-base-buttonitem>\n\n<jgu-base-buttonitem react-props=\"{\n    &quot;text&quot;: &quot;&lt;a href=\\&quot;https:\\\/\\\/physics.uni-mainz.de\\\/de\\\/home\\\/physikalische-forschung\\\/forschungsfelder\\\/hochenergie-teilchenphysik\\\/\\&quot;&gt;Quantenmaterie &amp; Spintronik - Physik JGU Mainz&lt;\\\/a&gt;&quot;,\n    &quot;styling&quot;: &quot;line&quot;,\n    &quot;link&quot;: {\n        &quot;url&quot;: &quot;https:\\\/\\\/cms.zdv.uni-mainz.de\\\/fb08-physics\\\/de\\\/home\\\/physikalische-forschung\\\/forschungsfelder\\\/quantenmaterie-spintronik\\\/&quot;,\n        &quot;linkTarget&quot;: &quot;&quot;,\n        &quot;rel&quot;: &quot;&quot;\n    },\n    &quot;align&quot;: &quot;left&quot;,\n    &quot;icon&quot;: &quot;arrow-right-solid&quot;,\n    &quot;type&quot;: &quot;default&quot;,\n    &quot;iconBefore&quot;: false,\n    &quot;isSmall&quot;: false,\n    &quot;fullWidth&quot;: false,\n    &quot;className&quot;: &quot;&quot;\n}\"><\/jgu-base-buttonitem>\n\n<jgu-base-buttonitem react-props=\"{\n    &quot;text&quot;: &quot;Weiche Materie &amp; Biologische Physik&quot;,\n    &quot;styling&quot;: &quot;line&quot;,\n    &quot;link&quot;: {\n        &quot;url&quot;: &quot;https:\\\/\\\/physics.uni-mainz.de\\\/de\\\/home\\\/physikalische-forschung\\\/forschungsfelder\\\/weiche-materie-und-biologische-physik\\\/&quot;,\n        &quot;linkTarget&quot;: &quot;&quot;,\n        &quot;rel&quot;: &quot;&quot;\n    },\n    &quot;align&quot;: &quot;left&quot;,\n    &quot;icon&quot;: &quot;arrow-right-solid&quot;,\n    &quot;type&quot;: &quot;default&quot;,\n    &quot;iconBefore&quot;: false,\n    &quot;isSmall&quot;: false,\n    &quot;fullWidth&quot;: false,\n    &quot;className&quot;: &quot;&quot;\n}\"><\/jgu-base-buttonitem>\n\n<\/jgu-base-button>\n\n\n<div style=\"height:70px\" aria-hidden=\"true\" class=\"wp-block-spacer\"><\/div>\n    <div style=\"display: none\">\n        \n    <\/div>","protected":false},"excerpt":{"rendered":"<p>Johannes Gutenberg-Universit\u00e4t Mainz &gt; Fachbereich 08 &gt; Physik &gt; Physikforschung &gt; Karierrem\u00f6glichkeiten Initiativbewerbungen k\u00f6nnen jederzeit eingereicht werden. Bitte wenden Sie sich daf\u00fcr direkt an die Leitenden der Arbeitsgruppen. Kontaktdaten finden Sie in den jeweiligen Forschungsbereichen:<\/p>\n","protected":false},"author":311,"featured_media":0,"parent":15330,"menu_order":0,"comment_status":"closed","ping_status":"closed","template":"","meta":{"footnotes":""},"categories":[],"tags":[],"class_list":["post-18429","page","type-page","status-publish","hentry"],"content_raw":"<!-- wp:jgu\/heading {\"tags\":{\"htmlTag\":\"h2\",\"classTag\":\"\",\"tag\":\"h2\"},\"heading\":\"Karrierem\u00f6glichkeiten\"} \/-->\n\n<!-- wp:paragraph -->\n<p class=\"has-big-font-size\"><a href=\"https:\/\/www.uni-mainz.de\/\" data-type=\"link\" data-id=\"https:\/\/www.uni-mainz.de\/\">Johannes Gutenberg-Universit\u00e4t Mainz<\/a> &gt; <a href=\"https:\/\/www.phmi.uni-mainz.de\/\">Fachbereich 08<\/a> &gt; <a href=\"https:\/\/cms.zdv.uni-mainz.de\/fb08-physics\/de\/\">Physik<\/a> &gt; <a href=\"https:\/\/physics.uni-mainz.de\/de\/home\/physikalische-forschung\/\">Physikforschung<\/a> &gt; Karierrem\u00f6glichkeiten<\/p>\n<!-- \/wp:paragraph -->\n\n<!-- wp:spacer {\"height\":\"40px\"} -->\n<div style=\"height:40px\" aria-hidden=\"true\" class=\"wp-block-spacer\"><\/div>\n<!-- \/wp:spacer -->\n\n<!-- wp:jgu\/heading {\"color\":\"default\",\"tags\":{\"htmlTag\":\"h2\",\"classTag\":\"\",\"tag\":\"h2\"},\"heading\":\"PhD-Positionen\"} \/-->\n\n<!-- wp:jgu\/accordion {\"selected\":1} -->\n<!-- wp:jgu\/accordion-item {\"title\":\"Skyrmion dynamics and topological spin structures\",\"init\":false,\"slug\":\"skyrmion-dynamics-and-topological-spin-structures\"} -->\n<!-- wp:jgu\/list -->\n<ul class=\"styled-list hyphenation\"><!-- wp:jgu\/list-item {\"icon\":\"calendar-check\",\"title\":\"\\u003cstrong\\u003eBewerbungsfrist:\\u003c\/strong\\u003e 1. Januar 2027 \",\"uuid\":\"1765977954784\",\"link\":{\"url\":null}} \/-->\n\n<!-- wp:jgu\/list-item {\"icon\":\"play-solid\",\"title\":\"\\u003cstrong\\u003eEingruppierung\\u003c\/strong\\u003e: EG 13 TV-L\\u003cbr\\u003e\",\"uuid\":\"1765978010570\",\"link\":{\"url\":null}} \/-->\n\n<!-- wp:jgu\/list-item {\"icon\":\"calendar-week-solid\",\"title\":\"\\u003cstrong\\u003eBefristung: \\u003c\/strong\\u003e Befristet auf 3 Jahre\",\"uuid\":\"1765978131741\",\"link\":{\"url\":null}} \/--><\/ul>\n<!-- \/wp:jgu\/list -->\n\n<!-- wp:jgu\/button -->\n<!-- wp:jgu\/button-item {\"text\":\"View details\",\"link\":{\"url\":\"https:\/\/klaeui-lab.physics.uni-mainz.de\/2026\/01\/01\/skyrmion-dynamics-and-topological-spin-structures\/\"}} \/-->\n<!-- \/wp:jgu\/button -->\n<!-- \/wp:jgu\/accordion-item -->\n<!-- \/wp:jgu\/accordion -->\n\n<!-- wp:spacer {\"height\":\"70px\"} -->\n<div style=\"height:70px\" aria-hidden=\"true\" class=\"wp-block-spacer\"><\/div>\n<!-- \/wp:spacer -->\n\n<!-- wp:jgu\/heading {\"color\":\"default\",\"tags\":{\"htmlTag\":\"h2\",\"classTag\":\"\",\"tag\":\"h2\"},\"heading\":\"Initiativbewerbungen\"} \/-->\n\n<!-- wp:paragraph -->\n<p class=\"has-big-font-size\">Initiativbewerbungen k\u00f6nnen jederzeit eingereicht werden. Bitte wenden Sie sich daf\u00fcr direkt an die Leitenden der Arbeitsgruppen. Kontaktdaten finden Sie in den jeweiligen Forschungsbereichen: <\/p>\n<!-- \/wp:paragraph -->\n\n<!-- wp:jgu\/button -->\n<!-- wp:jgu\/button-item {\"text\":\"Beschleunigerphysik\",\"styling\":\"line\",\"link\":{\"url\":\"https:\/\/physics.uni-mainz.de\/de\/home\/physikalische-forschung\/forschungsfelder\/beschleunigerphysik\/\",\"linkTarget\":\"\",\"rel\":\"\"}} \/-->\n\n<!-- wp:jgu\/button-item {\"text\":\"Astro-, Astroteilchen- \\u0026amp; Neutrinophysik\",\"styling\":\"line\",\"link\":{\"url\":\"https:\/\/physics.uni-mainz.de\/de\/home\/physikalische-forschung\/forschungsfelder\/astroteilchen-neutrinophysik\/\",\"linkTarget\":\"\",\"rel\":\"\"}} \/-->\n\n<!-- wp:jgu\/button-item {\"text\":\"Physik der Atmosph\u00e4re und Umweltwissenschaften\",\"styling\":\"line\",\"link\":{\"url\":\"https:\/\/physics.uni-mainz.de\/de\/home\/physikalische-forschung\/forschungsfelder\/physik-der-atmosphaere-und-umweltwissenschaften\/\",\"linkTarget\":\"\",\"rel\":\"\"}} \/-->\n\n<!-- wp:jgu\/button-item {\"text\":\"Atom- \\u0026amp; Quantenphysik\",\"styling\":\"line\",\"link\":{\"url\":\"https:\/\/physics.uni-mainz.de\/de\/home\/physikalische-forschung\/forschungsfelder\/atom-quantenphysik\/\",\"linkTarget\":\"\",\"rel\":\"\"}} \/-->\n\n<!-- wp:jgu\/button-item {\"text\":\"Hadronen- \\u0026amp; Kernphysik\",\"styling\":\"line\",\"link\":{\"url\":\"https:\/\/physics.uni-mainz.de\/de\/home\/physikalische-forschung\/forschungsfelder\/hadronen-kernphysik\/\",\"linkTarget\":\"\",\"rel\":\"\"}} \/-->\n\n<!-- wp:jgu\/button-item {\"text\":\"Hochenergie-Teilchenphysik\",\"styling\":\"line\",\"link\":{\"url\":\"https:\/\/cms.zdv.uni-mainz.de\/fb08-physics\/de\/home\/physikalische-forschung\/forschungsfelder\/hochenergie-teilchenphysik\/\",\"linkTarget\":\"\",\"rel\":\"\"}} \/-->\n\n<!-- wp:jgu\/button-item {\"text\":\"Mathematische Physik\",\"styling\":\"line\",\"link\":{\"url\":\"https:\/\/physics.uni-mainz.de\/de\/ https:\/\/physics.uni-mainz.de\/de\/home\/physikalische-forschung\/forschungsfelder\/mathematische-physik\/\",\"linkTarget\":\"\",\"rel\":\"\"}} \/-->\n\n<!-- wp:jgu\/button-item {\"text\":\"\\u003ca href=\\u0022https:\/\/physics.uni-mainz.de\/de\/home\/physikalische-forschung\/forschungsfelder\/hochenergie-teilchenphysik\/\\u0022\\u003eQuantenmaterie \\u0026amp; Spintronik - Physik JGU Mainz\\u003c\/a\\u003e\",\"styling\":\"line\",\"link\":{\"url\":\"https:\/\/cms.zdv.uni-mainz.de\/fb08-physics\/de\/home\/physikalische-forschung\/forschungsfelder\/quantenmaterie-spintronik\/\",\"linkTarget\":\"\",\"rel\":\"\"}} \/-->\n\n<!-- wp:jgu\/button-item {\"text\":\"Weiche Materie \\u0026amp; Biologische Physik\",\"styling\":\"line\",\"link\":{\"url\":\"https:\/\/physics.uni-mainz.de\/de\/home\/physikalische-forschung\/forschungsfelder\/weiche-materie-und-biologische-physik\/\",\"linkTarget\":\"\",\"rel\":\"\"}} \/-->\n<!-- \/wp:jgu\/button -->\n\n<!-- wp:spacer {\"height\":\"70px\"} -->\n<div style=\"height:70px\" aria-hidden=\"true\" class=\"wp-block-spacer\"><\/div>\n<!-- \/wp:spacer -->","_links":{"self":[{"href":"https:\/\/physics.uni-mainz.de\/de\/wp-json\/wp\/v2\/pages\/18429","targetHints":{"allow":["GET"]}}],"collection":[{"href":"https:\/\/physics.uni-mainz.de\/de\/wp-json\/wp\/v2\/pages"}],"about":[{"href":"https:\/\/physics.uni-mainz.de\/de\/wp-json\/wp\/v2\/types\/page"}],"author":[{"embeddable":true,"href":"https:\/\/physics.uni-mainz.de\/de\/wp-json\/wp\/v2\/users\/311"}],"replies":[{"embeddable":true,"href":"https:\/\/physics.uni-mainz.de\/de\/wp-json\/wp\/v2\/comments?post=18429"}],"version-history":[{"count":14,"href":"https:\/\/physics.uni-mainz.de\/de\/wp-json\/wp\/v2\/pages\/18429\/revisions"}],"predecessor-version":[{"id":20150,"href":"https:\/\/physics.uni-mainz.de\/de\/wp-json\/wp\/v2\/pages\/18429\/revisions\/20150"}],"up":[{"embeddable":true,"href":"https:\/\/physics.uni-mainz.de\/de\/wp-json\/wp\/v2\/pages\/15330"}],"wp:attachment":[{"href":"https:\/\/physics.uni-mainz.de\/de\/wp-json\/wp\/v2\/media?parent=18429"}],"wp:term":[{"taxonomy":"category","embeddable":true,"href":"https:\/\/physics.uni-mainz.de\/de\/wp-json\/wp\/v2\/categories?post=18429"},{"taxonomy":"post_tag","embeddable":true,"href":"https:\/\/physics.uni-mainz.de\/de\/wp-json\/wp\/v2\/tags?post=18429"}],"curies":[{"name":"wp","href":"https:\/\/api.w.org\/{rel}","templated":true}]}}