{"id":15330,"date":"2024-09-20T10:12:26","date_gmt":"2024-09-20T08:12:26","guid":{"rendered":"https:\/\/cms.zdv.uni-mainz.de\/fb08-physics\/home\/physikalische-forschung\/"},"modified":"2026-04-10T14:40:59","modified_gmt":"2026-04-10T12:40:59","slug":"physikalische-forschung","status":"publish","type":"page","link":"https:\/\/physics.uni-mainz.de\/de\/home\/physikalische-forschung\/","title":{"rendered":"Physikforschung"},"content":{"rendered":"<jgu-base-pageheader react-props=\"{\n    &quot;items&quot;: [\n        {\n            &quot;box&quot;: {\n                &quot;index&quot;: &quot;&quot;,\n                &quot;title&quot;: &quot;Physikforschung - Universit\\u00e4t Mainz&quot;,\n                &quot;link&quot;: {\n                    &quot;url&quot;: &quot;&quot;,\n                    &quot;title&quot;: &quot;Mehr erfahren&quot;\n                }\n            },\n            &quot;color&quot;: &quot;default&quot;,\n            &quot;image&quot;: {\n                &quot;url&quot;: &quot;&quot;\n            },\n            &quot;imgCredit&quot;: &quot;&quot;,\n            &quot;useVideo&quot;: false,\n            &quot;video&quot;: false\n        }\n    ],\n    &quot;type&quot;: &quot;border&quot;,\n    &quot;align&quot;: &quot;full&quot;,\n    &quot;quicklinks&quot;: {\n        &quot;show&quot;: false,\n        &quot;selects&quot;: []\n    },\n    &quot;useBreadcrumb&quot;: false\n}\">\n<\/jgu-base-pageheader>\n\n\n<p class=\"has-big-font-size\"><a href=\"https:\/\/www.uni-mainz.de\/\" data-type=\"link\" data-id=\"https:\/\/www.uni-mainz.de\/en\/\">Johannes Gutenberg-Universit\u00e4t Mainz<\/a> &gt; <a href=\"https:\/\/www.phmi.uni-mainz.de\/\">Fachbereich 08<\/a> &gt; <a href=\"https:\/\/physics.uni-mainz.de\/de\/\">Physik<\/a> &gt; Physikforschung<\/p>\n\n\n\n<p class=\"has-big-font-size\">Die Physikforschung in Mainz geh\u00f6rt zu den Spitzenreitern in Deutschland. Neben einer hervorragenden Infrastruktur auf dem Campus \u2013 darunter zwei Teilchenbeschleuniger, ein Forschungsreaktor f\u00fcr Neutronen und ein Hochleistungsrechenzentrum \u2013 zeichnet sich der Standort durch ein breites Spektrum an Forschungsaktivit\u00e4ten sowie die Beteiligung an zahlreichen koordinierten Forschungsprogrammen wie unserem Exzellenzcluster PRISMA+, Sonderforschungsbereichen (SFBs) und Graduiertenschulen aus. Erg\u00e4nzt wird das universit\u00e4re Umfeld durch renommierte au\u00dferuniversit\u00e4re Forschungseinrichtungen wie die Max-Planck-Institute und das Helmholtz-Institut, ebenso wie durch weitere profilierte Organisationen im Bereich der Physik, etwa das Mainz Institute for Theoretical Physics (MITP).&nbsp;<\/p>\n\n\n\n<div style=\"height:53px\" aria-hidden=\"true\" class=\"wp-block-spacer\"><\/div>\n\n\n\n<div class=\"wp-block-columns are-vertically-aligned-top is-layout-flex wp-container-core-columns-is-layout-9d6595d7 wp-block-columns-is-layout-flex\">\n<div class=\"wp-block-column is-layout-flow wp-block-column-is-layout-flow\" style=\"flex-basis:5%\"><\/div>\n\n\n\n<div class=\"wp-block-column is-vertically-aligned-bottom is-layout-flow wp-block-column-is-layout-flow\" style=\"flex-basis:20%\"><jgu-base-teaserbox react-props=\"{\n    &quot;headline&quot;: {\n        &quot;htmlTag&quot;: &quot;h2&quot;,\n        &quot;classTag&quot;: &quot;&quot;,\n        &quot;tag&quot;: &quot;h2&quot;\n    },\n    &quot;image&quot;: {\n        &quot;id&quot;: 8894,\n        &quot;url&quot;: &quot;https:\\\/\\\/cms.zdv.uni-mainz.de\\\/fb08-physics\\\/wp-content\\\/uploads\\\/sites\\\/345\\\/2024\\\/09\\\/Research-GroupsCondensed-Matter.jpg&quot;,\n        &quot;alt&quot;: &quot;Arbeitsgruppen Kondensierte Materie&quot;,\n        &quot;caption&quot;: &quot;Arbeitsgruppen Kondensierte Materie&quot;,\n        &quot;credit&quot;: &quot; \\u00a9 JGU | Institut f\\u00fcr Physik&quot;,\n        &quot;description&quot;: &quot;Arbeitsgruppen Kondensierte Materie&quot;,\n        &quot;title&quot;: &quot;Arbeitsgruppen Kondensierte Materie&quot;,\n        &quot;width&quot;: 512,\n        &quot;height&quot;: 400,\n        &quot;srcset&quot;: &quot;https:\\\/\\\/cms.zdv.uni-mainz.de\\\/fb08-physics\\\/wp-content\\\/uploads\\\/sites\\\/345\\\/2024\\\/09\\\/Research-GroupsCondensed-Matter.jpg 512w, https:\\\/\\\/cms.zdv.uni-mainz.de\\\/fb08-physics\\\/wp-content\\\/uploads\\\/sites\\\/345\\\/2024\\\/09\\\/Research-GroupsCondensed-Matter-300x234.jpg 300w&quot;\n    },\n    &quot;color&quot;: &quot;red&quot;,\n    &quot;title&quot;: &quot;Forschungsfelder&quot;,\n    &quot;excerpt&quot;: &quot;Erfahren Sie mehr \\u00fcber die verschiedenen Forschungsfelder der Physik an der Johannes Gutenberg-Universit\\u00e4t Mainz - von Astroteilchenphysik bis weiche Materie.&quot;,\n    &quot;linkTitle&quot;: &quot;Mehr erfahren&quot;,\n    &quot;link&quot;: {\n        &quot;url&quot;: &quot;https:\\\/\\\/cms.zdv.uni-mainz.de\\\/fb08-physics\\\/de\\\/home\\\/physikalische-forschung\\\/forschungsfelder\\\/&quot;\n    },\n    &quot;align&quot;: &quot;wide&quot;,\n    &quot;icon&quot;: &quot;&quot;,\n    &quot;iconColor&quot;: &quot;default&quot;,\n    &quot;isCalendar&quot;: false,\n    &quot;iconBoxed&quot;: false,\n    &quot;useLinkList&quot;: false,\n    &quot;linkList&quot;: {},\n    &quot;hideThumbnail&quot;: false,\n    &quot;type&quot;: &quot;boxed&quot;,\n    &quot;index&quot;: &quot;&quot;,\n    &quot;linkStyle&quot;: &quot;default&quot;,\n    &quot;overboxImage&quot;: false,\n    &quot;differingHeadlineColor&quot;: false,\n    &quot;headlineColor&quot;: &quot;&quot;,\n    &quot;textPositionBottom&quot;: false,\n    &quot;template&quot;: &quot;&quot;,\n    &quot;video&quot;: {\n        &quot;provider&quot;: &quot;youtube&quot;,\n        &quot;id&quot;: &quot;&quot;,\n        &quot;poster&quot;: &quot;&quot;\n    },\n    &quot;audioUrl&quot;: &quot;&quot;,\n    &quot;unbound&quot;: false\n}\">\n    \n<\/jgu-base-teaserbox><\/div>\n\n\n\n<div class=\"wp-block-column is-vertically-aligned-bottom is-layout-flow wp-block-column-is-layout-flow\" style=\"flex-basis:20%\"><jgu-base-teaserbox react-props=\"{\n    &quot;headline&quot;: {\n        &quot;htmlTag&quot;: &quot;h2&quot;,\n        &quot;classTag&quot;: &quot;&quot;,\n        &quot;tag&quot;: &quot;h2&quot;\n    },\n    &quot;image&quot;: {\n        &quot;id&quot;: 8909,\n        &quot;url&quot;: &quot;https:\\\/\\\/cms.zdv.uni-mainz.de\\\/fb08-physics\\\/wp-content\\\/uploads\\\/sites\\\/345\\\/2024\\\/09\\\/Research-InfrastrucureMAMI.jpg&quot;,\n        &quot;alt&quot;: &quot;Teilchenbeschleuniger MAMI&quot;,\n        &quot;caption&quot;: &quot;Teilchenbeschleuniger MAMI&quot;,\n        &quot;credit&quot;: &quot; \\u00a9 JGU | Institut f\\u00fcr Physik&quot;,\n        &quot;description&quot;: &quot;Teilchenbeschleuniger MAMI&quot;,\n        &quot;title&quot;: &quot;Teilchenbeschleuniger MAMI&quot;,\n        &quot;width&quot;: 1024,\n        &quot;height&quot;: 600,\n        &quot;srcset&quot;: &quot;https:\\\/\\\/cms.zdv.uni-mainz.de\\\/fb08-physics\\\/wp-content\\\/uploads\\\/sites\\\/345\\\/2024\\\/09\\\/Research-InfrastrucureMAMI.jpg 1024w, https:\\\/\\\/cms.zdv.uni-mainz.de\\\/fb08-physics\\\/wp-content\\\/uploads\\\/sites\\\/345\\\/2024\\\/09\\\/Research-InfrastrucureMAMI-300x176.jpg 300w, https:\\\/\\\/cms.zdv.uni-mainz.de\\\/fb08-physics\\\/wp-content\\\/uploads\\\/sites\\\/345\\\/2024\\\/09\\\/Research-InfrastrucureMAMI-768x450.jpg 768w&quot;\n    },\n    &quot;color&quot;: &quot;orange&quot;,\n    &quot;title&quot;: &quot;Institute &amp;amp; Forschungseinrichtungen&quot;,\n    &quot;excerpt&quot;: &quot;Lernen Sie den Physik-Campus Mainz mit seinen Universit\\u00e4tsinstituten, angegliederten Forschungsinstituten, Theoriezentren und seiner hervorragenden Infrastruktur kennen, die den Weg f\\u00fcr gro\\u00dfartige Forschung ebnen.&quot;,\n    &quot;linkTitle&quot;: &quot;Mehr erfahren&quot;,\n    &quot;link&quot;: {\n        &quot;url&quot;: &quot;https:\\\/\\\/cms.zdv.uni-mainz.de\\\/fb08-physics\\\/de\\\/home\\\/physikalische-forschung\\\/institute-forschungseinrichtungen\\\/&quot;\n    },\n    &quot;align&quot;: &quot;wide&quot;,\n    &quot;icon&quot;: &quot;&quot;,\n    &quot;iconColor&quot;: &quot;default&quot;,\n    &quot;isCalendar&quot;: false,\n    &quot;iconBoxed&quot;: false,\n    &quot;useLinkList&quot;: false,\n    &quot;linkList&quot;: {},\n    &quot;hideThumbnail&quot;: false,\n    &quot;type&quot;: &quot;boxed&quot;,\n    &quot;index&quot;: &quot;&quot;,\n    &quot;linkStyle&quot;: &quot;default&quot;,\n    &quot;overboxImage&quot;: false,\n    &quot;differingHeadlineColor&quot;: false,\n    &quot;headlineColor&quot;: &quot;&quot;,\n    &quot;textPositionBottom&quot;: false,\n    &quot;template&quot;: &quot;&quot;,\n    &quot;video&quot;: {\n        &quot;provider&quot;: &quot;youtube&quot;,\n        &quot;id&quot;: &quot;&quot;,\n        &quot;poster&quot;: &quot;&quot;\n    },\n    &quot;audioUrl&quot;: &quot;&quot;,\n    &quot;unbound&quot;: false\n}\">\n    \n<\/jgu-base-teaserbox><\/div>\n\n\n\n<div class=\"wp-block-column is-vertically-aligned-bottom is-layout-flow wp-block-column-is-layout-flow\" style=\"flex-basis:20%\"><jgu-base-teaserbox react-props=\"{\n    &quot;headline&quot;: {\n        &quot;htmlTag&quot;: &quot;h2&quot;,\n        &quot;classTag&quot;: &quot;&quot;,\n        &quot;tag&quot;: &quot;h2&quot;\n    },\n    &quot;image&quot;: {\n        &quot;id&quot;: 8975,\n        &quot;url&quot;: &quot;https:\\\/\\\/cms.zdv.uni-mainz.de\\\/fb08-physics\\\/wp-content\\\/uploads\\\/sites\\\/345\\\/2024\\\/09\\\/Research-GroupsTheoretical-Particle-.jpg&quot;,\n        &quot;alt&quot;: &quot;Ein Professor erkl\\u00e4rt ein physikalisches Konzept an einer Tafel.&quot;,\n        &quot;caption&quot;: &quot;Ein Professor erkl\\u00e4rt ein physikalisches Konzept an einer Tafel.&quot;,\n        &quot;credit&quot;: &quot; \\u00a9 JGU | Institut f\\u00fcr Physik&quot;,\n        &quot;description&quot;: &quot;Ein Professor erkl\\u00e4rt ein physikalisches Konzept an einer Tafel.&quot;,\n        &quot;title&quot;: &quot;Ein Professor erkl\\u00e4rt ein physikalisches Konzept an einer Tafel.&quot;,\n        &quot;width&quot;: 512,\n        &quot;height&quot;: 400,\n        &quot;srcset&quot;: &quot;https:\\\/\\\/cms.zdv.uni-mainz.de\\\/fb08-physics\\\/wp-content\\\/uploads\\\/sites\\\/345\\\/2024\\\/09\\\/Research-GroupsTheoretical-Particle-.jpg 512w, https:\\\/\\\/cms.zdv.uni-mainz.de\\\/fb08-physics\\\/wp-content\\\/uploads\\\/sites\\\/345\\\/2024\\\/09\\\/Research-GroupsTheoretical-Particle--300x234.jpg 300w&quot;\n    },\n    &quot;color&quot;: &quot;blue&quot;,\n    &quot;title&quot;: &quot;Koordinierte Forschungsprogramme&quot;,\n    &quot;excerpt&quot;: &quot;Erfahren Sie mehr \\u00fcber unser Exzellenzcluster, unsere Sonderforschungsbereiche, unsere Graduiertenschulen und andere Programme.&quot;,\n    &quot;linkTitle&quot;: &quot;Mehr erfahren&quot;,\n    &quot;link&quot;: {\n        &quot;url&quot;: &quot;https:\\\/\\\/cms.zdv.uni-mainz.de\\\/fb08-physics\\\/de\\\/home\\\/physikalische-forschung\\\/koordinierte-forschung\\\/&quot;\n    },\n    &quot;align&quot;: &quot;wide&quot;,\n    &quot;icon&quot;: &quot;&quot;,\n    &quot;iconColor&quot;: &quot;default&quot;,\n    &quot;isCalendar&quot;: false,\n    &quot;iconBoxed&quot;: false,\n    &quot;useLinkList&quot;: false,\n    &quot;linkList&quot;: {},\n    &quot;hideThumbnail&quot;: false,\n    &quot;type&quot;: &quot;boxed&quot;,\n    &quot;index&quot;: &quot;&quot;,\n    &quot;linkStyle&quot;: &quot;default&quot;,\n    &quot;overboxImage&quot;: false,\n    &quot;differingHeadlineColor&quot;: false,\n    &quot;headlineColor&quot;: &quot;&quot;,\n    &quot;textPositionBottom&quot;: false,\n    &quot;template&quot;: &quot;&quot;,\n    &quot;video&quot;: {\n        &quot;provider&quot;: &quot;youtube&quot;,\n        &quot;id&quot;: &quot;&quot;,\n        &quot;poster&quot;: &quot;&quot;\n    },\n    &quot;audioUrl&quot;: &quot;&quot;,\n    &quot;unbound&quot;: false\n}\">\n    \n<\/jgu-base-teaserbox><\/div>\n\n\n\n<div class=\"wp-block-column is-vertically-aligned-bottom is-layout-flow wp-block-column-is-layout-flow\" style=\"flex-basis:20%\"><jgu-base-teaserbox react-props=\"{\n    &quot;headline&quot;: {\n        &quot;htmlTag&quot;: &quot;h2&quot;,\n        &quot;classTag&quot;: &quot;&quot;,\n        &quot;tag&quot;: &quot;h2&quot;\n    },\n    &quot;image&quot;: {\n        &quot;id&quot;: 14238,\n        &quot;url&quot;: &quot;https:\\\/\\\/cms.zdv.uni-mainz.de\\\/fb08-physics\\\/wp-content\\\/uploads\\\/sites\\\/345\\\/2025\\\/01\\\/AdobeStock_553721043.jpeg&quot;,\n        &quot;alt&quot;: &quot;Forschende feiern einen Durchbruch&quot;,\n        &quot;caption&quot;: &quot;Forschende feiern einen Durchbruch&quot;,\n        &quot;credit&quot;: &quot; \\u00a9 adobe.stock.com | 55372104&quot;,\n        &quot;description&quot;: &quot;Forschende feiern einen Durchbruch&quot;,\n        &quot;title&quot;: &quot;Forschende feiern einen Durchbruch&quot;,\n        &quot;width&quot;: 8874,\n        &quot;height&quot;: 5316,\n        &quot;srcset&quot;: &quot;https:\\\/\\\/cms.zdv.uni-mainz.de\\\/fb08-physics\\\/wp-content\\\/uploads\\\/sites\\\/345\\\/2025\\\/01\\\/AdobeStock_553721043.jpeg 8874w, https:\\\/\\\/cms.zdv.uni-mainz.de\\\/fb08-physics\\\/wp-content\\\/uploads\\\/sites\\\/345\\\/2025\\\/01\\\/AdobeStock_553721043-300x180.jpeg 300w, https:\\\/\\\/cms.zdv.uni-mainz.de\\\/fb08-physics\\\/wp-content\\\/uploads\\\/sites\\\/345\\\/2025\\\/01\\\/AdobeStock_553721043-1024x613.jpeg 1024w, https:\\\/\\\/cms.zdv.uni-mainz.de\\\/fb08-physics\\\/wp-content\\\/uploads\\\/sites\\\/345\\\/2025\\\/01\\\/AdobeStock_553721043-768x460.jpeg 768w, https:\\\/\\\/cms.zdv.uni-mainz.de\\\/fb08-physics\\\/wp-content\\\/uploads\\\/sites\\\/345\\\/2025\\\/01\\\/AdobeStock_553721043-1536x920.jpeg 1536w&quot;\n    },\n    &quot;color&quot;: &quot;blue-gray&quot;,\n    &quot;title&quot;: &quot;Stellenausschreibungen&quot;,\n    &quot;excerpt&quot;: &quot;Hier finden Sie aktuelle Ausschreibungen f\\u00fcr Postdoc- und PhD-Positionen.&quot;,\n    &quot;linkTitle&quot;: &quot;mehr erfahren&quot;,\n    &quot;link&quot;: {\n        &quot;url&quot;: &quot;https:\\\/\\\/physics.uni-mainz.de\\\/de\\\/karriere\\\/&quot;\n    },\n    &quot;align&quot;: &quot;wide&quot;,\n    &quot;icon&quot;: &quot;&quot;,\n    &quot;iconColor&quot;: &quot;default&quot;,\n    &quot;isCalendar&quot;: false,\n    &quot;iconBoxed&quot;: false,\n    &quot;useLinkList&quot;: false,\n    &quot;linkList&quot;: {},\n    &quot;hideThumbnail&quot;: false,\n    &quot;type&quot;: &quot;boxed&quot;,\n    &quot;index&quot;: &quot;&quot;,\n    &quot;linkStyle&quot;: &quot;default&quot;,\n    &quot;overboxImage&quot;: false,\n    &quot;differingHeadlineColor&quot;: false,\n    &quot;headlineColor&quot;: &quot;&quot;,\n    &quot;textPositionBottom&quot;: false,\n    &quot;template&quot;: &quot;&quot;,\n    &quot;video&quot;: {\n        &quot;provider&quot;: &quot;youtube&quot;,\n        &quot;id&quot;: &quot;&quot;,\n        &quot;poster&quot;: &quot;&quot;\n    },\n    &quot;audioUrl&quot;: &quot;&quot;,\n    &quot;unbound&quot;: false\n}\">\n    \n<\/jgu-base-teaserbox><\/div>\n\n\n\n<div class=\"wp-block-column is-layout-flow wp-block-column-is-layout-flow\" style=\"flex-basis:5%\"><\/div>\n<\/div>\n    <div style=\"display: none\">\n        \n    <\/div>","protected":false},"excerpt":{"rendered":"<p>Johannes Gutenberg-Universit\u00e4t Mainz &gt; Fachbereich 08 &gt; Physik &gt; Physikforschung Die Physikforschung in Mainz geh\u00f6rt zu den Spitzenreitern in Deutschland. Neben einer hervorragenden Infrastruktur auf dem Campus \u2013 darunter zwei Teilchenbeschleuniger, ein Forschungsreaktor f\u00fcr Neutronen und ein Hochleistungsrechenzentrum \u2013 zeichnet sich der Standort durch ein breites Spektrum an Forschungsaktivit\u00e4ten sowie die Beteiligung an zahlreichen koordinierten &hellip; <a href=\"https:\/\/physics.uni-mainz.de\/de\/home\/physikalische-forschung\/\">Weiter lesen<\/a><\/p>\n","protected":false},"author":311,"featured_media":0,"parent":15171,"menu_order":0,"comment_status":"closed","ping_status":"closed","template":"","meta":{"footnotes":""},"categories":[63],"tags":[],"class_list":["post-15330","page","type-page","status-publish","hentry","category-forschung-level-1-2"],"content_raw":"<!-- wp:jgu\/pageheader {\"items\":[{\"box\":{\"index\":\"\",\"title\":\"Physikforschung - Universit\u00e4t Mainz\",\"link\":{\"url\":\"\",\"title\":\"Mehr erfahren\"}},\"color\":\"default\",\"image\":{\"url\":\"\"},\"imgCredit\":\"\",\"useVideo\":false,\"video\":false}],\"type\":\"border\"} \/-->\n\n<!-- wp:paragraph -->\n<p class=\"has-big-font-size\"><a href=\"https:\/\/www.uni-mainz.de\/\" data-type=\"link\" data-id=\"https:\/\/www.uni-mainz.de\/en\/\">Johannes Gutenberg-Universit\u00e4t Mainz<\/a> &gt; <a href=\"https:\/\/www.phmi.uni-mainz.de\/\">Fachbereich 08<\/a> &gt; <a href=\"https:\/\/cms.zdv.uni-mainz.de\/fb08-physics\/de\/\">Physik<\/a> &gt; Physikforschung<\/p>\n<!-- \/wp:paragraph -->\n\n<!-- wp:paragraph -->\n<p class=\"has-big-font-size\">Die Physikforschung in Mainz geh\u00f6rt zu den Spitzenreitern in Deutschland. Neben einer hervorragenden Infrastruktur auf dem Campus \u2013 darunter zwei Teilchenbeschleuniger, ein Forschungsreaktor f\u00fcr Neutronen und ein Hochleistungsrechenzentrum \u2013 zeichnet sich der Standort durch ein breites Spektrum an Forschungsaktivit\u00e4ten sowie die Beteiligung an zahlreichen koordinierten Forschungsprogrammen wie unserem Exzellenzcluster PRISMA+, Sonderforschungsbereichen (SFBs) und Graduiertenschulen aus. Erg\u00e4nzt wird das universit\u00e4re Umfeld durch renommierte au\u00dferuniversit\u00e4re Forschungseinrichtungen wie die Max-Planck-Institute und das Helmholtz-Institut, ebenso wie durch weitere profilierte Organisationen im Bereich der Physik, etwa das Mainz Institute for Theoretical Physics (MITP).&nbsp;<\/p>\n<!-- \/wp:paragraph -->\n\n<!-- wp:spacer {\"height\":\"53px\"} -->\n<div style=\"height:53px\" aria-hidden=\"true\" class=\"wp-block-spacer\"><\/div>\n<!-- \/wp:spacer -->\n\n<!-- wp:columns {\"verticalAlignment\":\"top\",\"className\":\"\"} -->\n<div class=\"wp-block-columns are-vertically-aligned-top\"><!-- wp:column {\"width\":\"5%\"} -->\n<div class=\"wp-block-column\" style=\"flex-basis:5%\"><\/div>\n<!-- \/wp:column -->\n\n<!-- wp:column {\"verticalAlignment\":\"bottom\",\"width\":\"20%\"} -->\n<div class=\"wp-block-column is-vertically-aligned-bottom\" style=\"flex-basis:20%\"><!-- wp:jgu\/teaserbox {\"headline\":{\"htmlTag\":\"h2\",\"classTag\":\"\",\"tag\":\"h2\"},\"image\":{\"id\":8894,\"url\":null},\"color\":\"red\",\"title\":\"Forschungsfelder\",\"excerpt\":\"Erfahren Sie mehr \u00fcber die verschiedenen Forschungsfelder der Physik an der Johannes Gutenberg-Universit\u00e4t Mainz - von Astroteilchenphysik bis weiche Materie.\",\"linkTitle\":\"Mehr erfahren\",\"link\":{\"url\":\"https:\/\/cms.zdv.uni-mainz.de\/fb08-physics\/de\/home\/physikalische-forschung\/forschungsfelder\/\"}} \/--><\/div>\n<!-- \/wp:column -->\n\n<!-- wp:column {\"verticalAlignment\":\"bottom\",\"width\":\"20%\"} -->\n<div class=\"wp-block-column is-vertically-aligned-bottom\" style=\"flex-basis:20%\"><!-- wp:jgu\/teaserbox {\"headline\":{\"htmlTag\":\"h2\",\"classTag\":\"\",\"tag\":\"h2\"},\"image\":{\"id\":8909,\"url\":null},\"color\":\"orange\",\"title\":\"Institute \\u0026amp; Forschungseinrichtungen\",\"excerpt\":\"Lernen Sie den Physik-Campus Mainz mit seinen Universit\u00e4tsinstituten, angegliederten Forschungsinstituten, Theoriezentren und seiner hervorragenden Infrastruktur kennen, die den Weg f\u00fcr gro\u00dfartige Forschung ebnen.\",\"linkTitle\":\"Mehr erfahren\",\"link\":{\"url\":\"https:\/\/cms.zdv.uni-mainz.de\/fb08-physics\/de\/home\/physikalische-forschung\/institute-forschungseinrichtungen\/\"}} \/--><\/div>\n<!-- \/wp:column -->\n\n<!-- wp:column {\"verticalAlignment\":\"bottom\",\"width\":\"20%\"} -->\n<div class=\"wp-block-column is-vertically-aligned-bottom\" style=\"flex-basis:20%\"><!-- wp:jgu\/teaserbox {\"headline\":{\"htmlTag\":\"h2\",\"classTag\":\"\",\"tag\":\"h2\"},\"image\":{\"id\":8975,\"url\":null},\"color\":\"blue\",\"title\":\"Koordinierte Forschungsprogramme\",\"excerpt\":\"Erfahren Sie mehr \u00fcber unser Exzellenzcluster, unsere Sonderforschungsbereiche, unsere Graduiertenschulen und andere Programme.\",\"linkTitle\":\"Mehr erfahren\",\"link\":{\"url\":\"https:\/\/cms.zdv.uni-mainz.de\/fb08-physics\/de\/home\/physikalische-forschung\/koordinierte-forschung\/\"}} \/--><\/div>\n<!-- \/wp:column -->\n\n<!-- wp:column {\"verticalAlignment\":\"bottom\",\"width\":\"20%\"} -->\n<div class=\"wp-block-column is-vertically-aligned-bottom\" style=\"flex-basis:20%\"><!-- wp:jgu\/teaserbox {\"headline\":{\"htmlTag\":\"h2\",\"classTag\":\"\",\"tag\":\"h2\"},\"image\":{\"id\":14238,\"url\":null},\"color\":\"blue-gray\",\"title\":\"Stellenausschreibungen\",\"excerpt\":\"Hier finden Sie aktuelle Ausschreibungen f\u00fcr Postdoc- und PhD-Positionen.\",\"linkTitle\":\"mehr erfahren\",\"link\":{\"url\":\"https:\/\/physics.uni-mainz.de\/de\/karriere\/\"}} \/--><\/div>\n<!-- \/wp:column -->\n\n<!-- wp:column {\"width\":\"5%\"} -->\n<div class=\"wp-block-column\" style=\"flex-basis:5%\"><\/div>\n<!-- \/wp:column --><\/div>\n<!-- \/wp:columns -->","_links":{"self":[{"href":"https:\/\/physics.uni-mainz.de\/de\/wp-json\/wp\/v2\/pages\/15330","targetHints":{"allow":["GET"]}}],"collection":[{"href":"https:\/\/physics.uni-mainz.de\/de\/wp-json\/wp\/v2\/pages"}],"about":[{"href":"https:\/\/physics.uni-mainz.de\/de\/wp-json\/wp\/v2\/types\/page"}],"author":[{"embeddable":true,"href":"https:\/\/physics.uni-mainz.de\/de\/wp-json\/wp\/v2\/users\/311"}],"replies":[{"embeddable":true,"href":"https:\/\/physics.uni-mainz.de\/de\/wp-json\/wp\/v2\/comments?post=15330"}],"version-history":[{"count":14,"href":"https:\/\/physics.uni-mainz.de\/de\/wp-json\/wp\/v2\/pages\/15330\/revisions"}],"predecessor-version":[{"id":20694,"href":"https:\/\/physics.uni-mainz.de\/de\/wp-json\/wp\/v2\/pages\/15330\/revisions\/20694"}],"up":[{"embeddable":true,"href":"https:\/\/physics.uni-mainz.de\/de\/wp-json\/wp\/v2\/pages\/15171"}],"wp:attachment":[{"href":"https:\/\/physics.uni-mainz.de\/de\/wp-json\/wp\/v2\/media?parent=15330"}],"wp:term":[{"taxonomy":"category","embeddable":true,"href":"https:\/\/physics.uni-mainz.de\/de\/wp-json\/wp\/v2\/categories?post=15330"},{"taxonomy":"post_tag","embeddable":true,"href":"https:\/\/physics.uni-mainz.de\/de\/wp-json\/wp\/v2\/tags?post=15330"}],"curies":[{"name":"wp","href":"https:\/\/api.w.org\/{rel}","templated":true}]}}